{"id":20064,"date":"2024-09-06T11:25:27","date_gmt":"2024-09-06T11:25:27","guid":{"rendered":"https:\/\/www.haartick-extensions.de\/wordpress\/?post_type=product&#038;p=20064"},"modified":"2024-12-11T14:13:25","modified_gmt":"2024-12-11T14:13:25","slug":"metallspange-grob","status":"publish","type":"product","link":"https:\/\/www.haartick-extensions.de\/nl\/shop\/metallspange-grob\/","title":{"rendered":"10 x metalen gesp groot"},"content":{"rendered":"<p>Haarclips kunnen op verschillende manieren worden gebruikt. Ze kunnen bijvoorbeeld worden gebruikt om kapsels te cre\u00ebren of om je eigen haar vast te zetten bij het bevestigen van extensions om een netjes gescheiden sectie te cre\u00ebren, wat nodig is bij het verwerken van extensions.<\/p>\n<p><strong>Materiaal: Metaal 9 cm<\/strong><\/p>","protected":false},"excerpt":{"rendered":"<p>Haarklammern k\u00f6nnen vielseitig eingesetzt werden. Sie k\u00f6nnen beispielsweise zum Kreieren von Frisuren genutzt werden, oder zum Hochstecken des Eigenhaars bei<\/p>","protected":false},"featured_media":22670,"comment_status":"open","ping_status":"closed","template":"","meta":{"_joinchat":[]},"product_brand":[],"product_cat":[28],"product_tag":[],"class_list":{"0":"post-20064","1":"product","2":"type-product","3":"status-publish","4":"has-post-thumbnail","6":"product_cat-zubehoer","8":"first","9":"instock","10":"taxable","11":"shipping-taxable","12":"purchasable","13":"product-type-variable","14":"has-default-attributes"},"yoast_head":"<!-- This site is optimized with the Yoast SEO plugin v25.6 - https:\/\/yoast.com\/wordpress\/plugins\/seo\/ -->\n<title>10 x Metallspange Gro\u00df - Haartick-Extensions<\/title>\n<meta name=\"robots\" content=\"index, follow, max-snippet:-1, max-image-preview:large, max-video-preview:-1\" \/>\n<link rel=\"canonical\" href=\"https:\/\/www.haartick-extensions.de\/nl\/shop\/metallspange-grob\/\" \/>\n<meta property=\"og:locale\" content=\"nl_NL\" \/>\n<meta property=\"og:type\" content=\"article\" \/>\n<meta property=\"og:title\" content=\"10 x Metallspange Gro\u00df - Haartick-Extensions\" \/>\n<meta property=\"og:description\" content=\"Haarklammern k\u00f6nnen vielseitig eingesetzt werden. Sie k\u00f6nnen beispielsweise zum Kreieren von Frisuren genutzt werden, oder zum Hochstecken des Eigenhaars bei\" \/>\n<meta property=\"og:url\" content=\"https:\/\/www.haartick-extensions.de\/nl\/shop\/metallspange-grob\/\" \/>\n<meta property=\"og:site_name\" content=\"Haartick-Extensions\" \/>\n<meta property=\"article:modified_time\" content=\"2024-12-11T14:13:25+00:00\" \/>\n<meta property=\"og:image\" content=\"https:\/\/www.haartick-extensions.de\/wp-content\/uploads\/2024\/09\/spange-metal-groa-1-scaled-1.webp\" \/>\n\t<meta property=\"og:image:width\" content=\"1920\" \/>\n\t<meta property=\"og:image:height\" content=\"2560\" \/>\n\t<meta property=\"og:image:type\" content=\"image\/jpeg\" \/>\n<meta name=\"twitter:card\" content=\"summary_large_image\" \/>\n<script type=\"application\/ld+json\" class=\"yoast-schema-graph\">{\"@context\":\"https:\/\/schema.org\",\"@graph\":[{\"@type\":\"WebPage\",\"@id\":\"https:\/\/www.haartick-extensions.de\/de\/shop\/metallspange-grob\/\",\"url\":\"https:\/\/www.haartick-extensions.de\/de\/shop\/metallspange-grob\/\",\"name\":\"10 x Metallspange Gro\u00df - Haartick-Extensions\",\"isPartOf\":{\"@id\":\"https:\/\/www.haartick-extensions.de\/it\/#website\"},\"primaryImageOfPage\":{\"@id\":\"https:\/\/www.haartick-extensions.de\/de\/shop\/metallspange-grob\/#primaryimage\"},\"image\":{\"@id\":\"https:\/\/www.haartick-extensions.de\/de\/shop\/metallspange-grob\/#primaryimage\"},\"thumbnailUrl\":\"https:\/\/www.haartick-extensions.de\/wp-content\/uploads\/2024\/09\/spange-metal-groa-1-scaled-1.webp\",\"datePublished\":\"2024-09-06T11:25:27+00:00\",\"dateModified\":\"2024-12-11T14:13:25+00:00\",\"breadcrumb\":{\"@id\":\"https:\/\/www.haartick-extensions.de\/de\/shop\/metallspange-grob\/#breadcrumb\"},\"inLanguage\":\"nl-NL\",\"potentialAction\":[{\"@type\":\"ReadAction\",\"target\":[\"https:\/\/www.haartick-extensions.de\/de\/shop\/metallspange-grob\/\"]}]},{\"@type\":\"ImageObject\",\"inLanguage\":\"nl-NL\",\"@id\":\"https:\/\/www.haartick-extensions.de\/de\/shop\/metallspange-grob\/#primaryimage\",\"url\":\"https:\/\/www.haartick-extensions.de\/wp-content\/uploads\/2024\/09\/spange-metal-groa-1-scaled-1.webp\",\"contentUrl\":\"https:\/\/www.haartick-extensions.de\/wp-content\/uploads\/2024\/09\/spange-metal-groa-1-scaled-1.webp\",\"width\":1920,\"height\":2560},{\"@type\":\"BreadcrumbList\",\"@id\":\"https:\/\/www.haartick-extensions.de\/de\/shop\/metallspange-grob\/#breadcrumb\",\"itemListElement\":[{\"@type\":\"ListItem\",\"position\":1,\"name\":\"Startseite\",\"item\":\"https:\/\/www.haartick-extensions.de\/it\/\"},{\"@type\":\"ListItem\",\"position\":2,\"name\":\"Shop\",\"item\":\"https:\/\/www.haartick-extensions.de\/ru\/shop\/\"},{\"@type\":\"ListItem\",\"position\":3,\"name\":\"10 x Metallspange Gro\u00df\"}]},{\"@type\":\"WebSite\",\"@id\":\"https:\/\/www.haartick-extensions.de\/it\/#website\",\"url\":\"https:\/\/www.haartick-extensions.de\/it\/\",\"name\":\"Haartick-Extensions\",\"description\":\"Professionelle Haarverl\u00e4ngerund \/ Haarverdichtung mit 100% Echthaar.\",\"publisher\":{\"@id\":\"https:\/\/www.haartick-extensions.de\/it\/#organization\"},\"potentialAction\":[{\"@type\":\"SearchAction\",\"target\":{\"@type\":\"EntryPoint\",\"urlTemplate\":\"https:\/\/www.haartick-extensions.de\/it\/?s={search_term_string}\"},\"query-input\":{\"@type\":\"PropertyValueSpecification\",\"valueRequired\":true,\"valueName\":\"search_term_string\"}}],\"inLanguage\":\"nl-NL\"},{\"@type\":\"Organization\",\"@id\":\"https:\/\/www.haartick-extensions.de\/it\/#organization\",\"name\":\"Haartick Extensions\",\"url\":\"https:\/\/www.haartick-extensions.de\/it\/\",\"logo\":{\"@type\":\"ImageObject\",\"inLanguage\":\"nl-NL\",\"@id\":\"https:\/\/www.haartick-extensions.de\/it\/#\/schema\/logo\/image\/\",\"url\":\"https:\/\/www.haartick-extensions.de\/wp-content\/uploads\/2024\/05\/cropped-Logo-mark-charm.png\",\"contentUrl\":\"https:\/\/www.haartick-extensions.de\/wp-content\/uploads\/2024\/05\/cropped-Logo-mark-charm.png\",\"width\":512,\"height\":512,\"caption\":\"Haartick Extensions\"},\"image\":{\"@id\":\"https:\/\/www.haartick-extensions.de\/it\/#\/schema\/logo\/image\/\"}}]}<\/script>\n<!-- \/ Yoast SEO plugin. -->","yoast_head_json":{"title":"10 x Metallspange Gro\u00df - Haartick-Extensions","robots":{"index":"index","follow":"follow","max-snippet":"max-snippet:-1","max-image-preview":"max-image-preview:large","max-video-preview":"max-video-preview:-1"},"canonical":"https:\/\/www.haartick-extensions.de\/nl\/shop\/metallspange-grob\/","og_locale":"nl_NL","og_type":"article","og_title":"10 x Metallspange Gro\u00df - Haartick-Extensions","og_description":"Haarklammern k\u00f6nnen vielseitig eingesetzt werden. Sie k\u00f6nnen beispielsweise zum Kreieren von Frisuren genutzt werden, oder zum Hochstecken des Eigenhaars bei","og_url":"https:\/\/www.haartick-extensions.de\/nl\/shop\/metallspange-grob\/","og_site_name":"Haartick-Extensions","article_modified_time":"2024-12-11T14:13:25+00:00","og_image":[{"width":1920,"height":2560,"url":"https:\/\/www.haartick-extensions.de\/wp-content\/uploads\/2024\/09\/spange-metal-groa-1-scaled-1.webp","type":"image\/jpeg"}],"twitter_card":"summary_large_image","schema":{"@context":"https:\/\/schema.org","@graph":[{"@type":"WebPage","@id":"https:\/\/www.haartick-extensions.de\/de\/shop\/metallspange-grob\/","url":"https:\/\/www.haartick-extensions.de\/de\/shop\/metallspange-grob\/","name":"10 x Metallspange Gro\u00df - Haartick-Extensions","isPartOf":{"@id":"https:\/\/www.haartick-extensions.de\/it\/#website"},"primaryImageOfPage":{"@id":"https:\/\/www.haartick-extensions.de\/de\/shop\/metallspange-grob\/#primaryimage"},"image":{"@id":"https:\/\/www.haartick-extensions.de\/de\/shop\/metallspange-grob\/#primaryimage"},"thumbnailUrl":"https:\/\/www.haartick-extensions.de\/wp-content\/uploads\/2024\/09\/spange-metal-groa-1-scaled-1.webp","datePublished":"2024-09-06T11:25:27+00:00","dateModified":"2024-12-11T14:13:25+00:00","breadcrumb":{"@id":"https:\/\/www.haartick-extensions.de\/de\/shop\/metallspange-grob\/#breadcrumb"},"inLanguage":"nl-NL","potentialAction":[{"@type":"ReadAction","target":["https:\/\/www.haartick-extensions.de\/de\/shop\/metallspange-grob\/"]}]},{"@type":"ImageObject","inLanguage":"nl-NL","@id":"https:\/\/www.haartick-extensions.de\/de\/shop\/metallspange-grob\/#primaryimage","url":"https:\/\/www.haartick-extensions.de\/wp-content\/uploads\/2024\/09\/spange-metal-groa-1-scaled-1.webp","contentUrl":"https:\/\/www.haartick-extensions.de\/wp-content\/uploads\/2024\/09\/spange-metal-groa-1-scaled-1.webp","width":1920,"height":2560},{"@type":"BreadcrumbList","@id":"https:\/\/www.haartick-extensions.de\/de\/shop\/metallspange-grob\/#breadcrumb","itemListElement":[{"@type":"ListItem","position":1,"name":"Startseite","item":"https:\/\/www.haartick-extensions.de\/it\/"},{"@type":"ListItem","position":2,"name":"Shop","item":"https:\/\/www.haartick-extensions.de\/ru\/shop\/"},{"@type":"ListItem","position":3,"name":"10 x Metallspange Gro\u00df"}]},{"@type":"WebSite","@id":"https:\/\/www.haartick-extensions.de\/it\/#website","url":"https:\/\/www.haartick-extensions.de\/it\/","name":"Haarstick extensies","description":"Professionele haarverlenging en -verdikking met 100% menselijk haar.","publisher":{"@id":"https:\/\/www.haartick-extensions.de\/it\/#organization"},"potentialAction":[{"@type":"SearchAction","target":{"@type":"EntryPoint","urlTemplate":"https:\/\/www.haartick-extensions.de\/it\/?s={search_term_string}"},"query-input":{"@type":"PropertyValueSpecification","valueRequired":true,"valueName":"search_term_string"}}],"inLanguage":"nl-NL"},{"@type":"Organization","@id":"https:\/\/www.haartick-extensions.de\/it\/#organization","name":"Haartick uitbreidingen","url":"https:\/\/www.haartick-extensions.de\/it\/","logo":{"@type":"ImageObject","inLanguage":"nl-NL","@id":"https:\/\/www.haartick-extensions.de\/it\/#\/schema\/logo\/image\/","url":"https:\/\/www.haartick-extensions.de\/wp-content\/uploads\/2024\/05\/cropped-Logo-mark-charm.png","contentUrl":"https:\/\/www.haartick-extensions.de\/wp-content\/uploads\/2024\/05\/cropped-Logo-mark-charm.png","width":512,"height":512,"caption":"Haartick Extensions"},"image":{"@id":"https:\/\/www.haartick-extensions.de\/it\/#\/schema\/logo\/image\/"}}]}},"_links":{"self":[{"href":"https:\/\/www.haartick-extensions.de\/nl\/wp-json\/wp\/v2\/product\/20064","targetHints":{"allow":["GET"]}}],"collection":[{"href":"https:\/\/www.haartick-extensions.de\/nl\/wp-json\/wp\/v2\/product"}],"about":[{"href":"https:\/\/www.haartick-extensions.de\/nl\/wp-json\/wp\/v2\/types\/product"}],"replies":[{"embeddable":true,"href":"https:\/\/www.haartick-extensions.de\/nl\/wp-json\/wp\/v2\/comments?post=20064"}],"version-history":[{"count":0,"href":"https:\/\/www.haartick-extensions.de\/nl\/wp-json\/wp\/v2\/product\/20064\/revisions"}],"wp:featuredmedia":[{"embeddable":true,"href":"https:\/\/www.haartick-extensions.de\/nl\/wp-json\/wp\/v2\/media\/22670"}],"wp:attachment":[{"href":"https:\/\/www.haartick-extensions.de\/nl\/wp-json\/wp\/v2\/media?parent=20064"}],"wp:term":[{"taxonomy":"product_brand","embeddable":true,"href":"https:\/\/www.haartick-extensions.de\/nl\/wp-json\/wp\/v2\/product_brand?post=20064"},{"taxonomy":"product_cat","embeddable":true,"href":"https:\/\/www.haartick-extensions.de\/nl\/wp-json\/wp\/v2\/product_cat?post=20064"},{"taxonomy":"product_tag","embeddable":true,"href":"https:\/\/www.haartick-extensions.de\/nl\/wp-json\/wp\/v2\/product_tag?post=20064"}],"curies":[{"name":"wp","href":"https:\/\/api.w.org\/{rel}","templated":true}]}}