{"id":20225,"date":"2024-09-27T18:17:26","date_gmt":"2024-09-27T18:17:26","guid":{"rendered":"https:\/\/www.haartick-extensions.de\/wordpress\/?post_type=product&#038;p=20225"},"modified":"2026-04-16T15:13:49","modified_gmt":"2026-04-16T15:13:49","slug":"fidentia-tape-und-bondingloeser-spray","status":"publish","type":"product","link":"https:\/\/www.haartick-extensions.de\/nl\/shop\/fidentia-tape-und-bondingloeser-spray\/","title":{"rendered":"Fidentia tape en lijmverwijderaar spray"},"content":{"rendered":"<p>Voor het voorzichtig losmaken van extensions, haarstukjes &amp; pruiken<\/p>\n<p>Zacht voor hoofdhuid &amp; extensions<\/p>\n<p>Met Pro Vitamine B5<\/p>\n<p>Geschikt voor keratine hechting en tapes<\/p>\n<p>Gemaakt in Duitsland<\/p>\n<p>Maak je tape-in, keratine bonding extensions of tweede haar voorzichtig los en verwijder effectief lijmresten. Vermijd agressieve producten die je haar en je gezondheid kunnen beschadigen. De Fidentia tape &amp; bonding remover is zacht voor de hoofdhuid en het echte haar.<br \/>\nHet bestaat uit een formule gemaakt in Duitsland, uitsluitend met geteste ingredi\u00ebnten. Een zorgvuldig uitgebalanceerde verzorgingsformule met provitamine B5 en de zachte werking zijn bijzonder aangenaam in gebruik. Je hoeft niet te trekken en te trekken. Keratineverbindingen worden ook snel en gemakkelijk verwijderd.<\/p>\n<p>\u2013 Geen dierproeven<br \/>\n\u2013 Zonder hoge concentraties geur- en conserveringsstoffen<\/p>\n<p>Fidentia kwaliteit (Made in Germany)<\/p>\n<p>Ingredi\u00ebnten:<br \/>\nAlcohol Denat, Isopropyl Alcohol, Aqua, Panthenol, Parfum, Benzyl Salicylate, Limonene, Benzyl Benzoate, Geraniol, Citronellol.<\/p>\n<p>Toepassing:<\/p>\n<p>Met tape:<br \/>\nSpuit royaal en verwijder langzaam. Lijmresten worden alleen verzacht, niet opgelost. Gebruik geen agressieve oplosmiddelen of zelfs nagellakremover. Neem in plaats daarvan de tijd en spray de lijmresten, kam ze uit met een netenkam en herhaal dit een paar keer. Dit kan wel een uur duren als je veel strengen hebt. Was de extensions vervolgens 2-3 keer uit met een shampoo.<\/p>\n<p>Verbindingen:<br \/>\nSpray in en druk de bondings langzaam voorzichtig aan met een speciale, geslepen extension tang, herhaal indien nodig. Houd het haar bij de wortels vast en trek de extensions er langzaam uit. Ontwar vervolgens je eigen haar en kam het uit.<\/p>","protected":false},"excerpt":{"rendered":"<p>Zum schonenden L\u00f6sen von Extensions, Haarteilen &amp; Per\u00fccken Schont Kopfhaut &amp; Extensions Mit Pro Vitamin B5 F\u00fcr Keratinbondings und Tapes<\/p>","protected":false},"featured_media":22376,"comment_status":"open","ping_status":"closed","template":"","meta":{"_joinchat":[]},"product_brand":[],"product_cat":[28],"product_tag":[],"class_list":{"0":"post-20225","1":"product","2":"type-product","3":"status-publish","4":"has-post-thumbnail","6":"product_cat-zubehoer","8":"first","9":"instock","10":"taxable","11":"shipping-taxable","12":"purchasable","13":"product-type-variable","14":"has-default-attributes"},"yoast_head":"<!-- This site is optimized with the Yoast SEO plugin v25.6 - https:\/\/yoast.com\/wordpress\/plugins\/seo\/ -->\n<title>Fidentia Tape- und Bondingl\u00f6ser Spray - Haartick-Extensions<\/title>\n<meta name=\"robots\" content=\"index, follow, max-snippet:-1, max-image-preview:large, max-video-preview:-1\" \/>\n<link rel=\"canonical\" href=\"https:\/\/www.haartick-extensions.de\/nl\/shop\/fidentia-tape-und-bondingloeser-spray\/\" \/>\n<meta property=\"og:locale\" content=\"nl_NL\" \/>\n<meta property=\"og:type\" content=\"article\" \/>\n<meta property=\"og:title\" content=\"Fidentia Tape- und Bondingl\u00f6ser Spray - Haartick-Extensions\" \/>\n<meta property=\"og:description\" content=\"Zum schonenden L\u00f6sen von Extensions, Haarteilen &amp; Per\u00fccken Schont Kopfhaut &amp; Extensions Mit Pro Vitamin B5 F\u00fcr Keratinbondings und Tapes\" \/>\n<meta property=\"og:url\" content=\"https:\/\/www.haartick-extensions.de\/nl\/shop\/fidentia-tape-und-bondingloeser-spray\/\" \/>\n<meta property=\"og:site_name\" content=\"Haartick-Extensions\" \/>\n<meta property=\"article:modified_time\" content=\"2026-04-16T15:13:49+00:00\" \/>\n<meta property=\"og:image\" content=\"https:\/\/www.haartick-extensions.de\/wp-content\/uploads\/2024\/09\/extension-removing-spray@2x-100-scaled-2.webp\" \/>\n\t<meta property=\"og:image:width\" content=\"1920\" \/>\n\t<meta property=\"og:image:height\" content=\"2560\" \/>\n\t<meta property=\"og:image:type\" content=\"image\/jpeg\" \/>\n<meta name=\"twitter:card\" content=\"summary_large_image\" \/>\n<meta name=\"twitter:label1\" content=\"Geschatte leestijd\" \/>\n\t<meta name=\"twitter:data1\" content=\"2 minuten\" \/>\n<script type=\"application\/ld+json\" class=\"yoast-schema-graph\">{\"@context\":\"https:\/\/schema.org\",\"@graph\":[{\"@type\":\"WebPage\",\"@id\":\"https:\/\/www.haartick-extensions.de\/it\/shop\/fidentia-tape-und-bondingloeser-spray\/\",\"url\":\"https:\/\/www.haartick-extensions.de\/it\/shop\/fidentia-tape-und-bondingloeser-spray\/\",\"name\":\"Fidentia Tape- und Bondingl\u00f6ser Spray - Haartick-Extensions\",\"isPartOf\":{\"@id\":\"https:\/\/www.haartick-extensions.de\/it\/#website\"},\"primaryImageOfPage\":{\"@id\":\"https:\/\/www.haartick-extensions.de\/it\/shop\/fidentia-tape-und-bondingloeser-spray\/#primaryimage\"},\"image\":{\"@id\":\"https:\/\/www.haartick-extensions.de\/it\/shop\/fidentia-tape-und-bondingloeser-spray\/#primaryimage\"},\"thumbnailUrl\":\"https:\/\/www.haartick-extensions.de\/wp-content\/uploads\/2024\/09\/extension-removing-spray@2x-100-scaled-2.webp\",\"datePublished\":\"2024-09-27T18:17:26+00:00\",\"dateModified\":\"2026-04-16T15:13:49+00:00\",\"breadcrumb\":{\"@id\":\"https:\/\/www.haartick-extensions.de\/it\/shop\/fidentia-tape-und-bondingloeser-spray\/#breadcrumb\"},\"inLanguage\":\"nl-NL\",\"potentialAction\":[{\"@type\":\"ReadAction\",\"target\":[\"https:\/\/www.haartick-extensions.de\/it\/shop\/fidentia-tape-und-bondingloeser-spray\/\"]}]},{\"@type\":\"ImageObject\",\"inLanguage\":\"nl-NL\",\"@id\":\"https:\/\/www.haartick-extensions.de\/it\/shop\/fidentia-tape-und-bondingloeser-spray\/#primaryimage\",\"url\":\"https:\/\/www.haartick-extensions.de\/wp-content\/uploads\/2024\/09\/extension-removing-spray@2x-100-scaled-2.webp\",\"contentUrl\":\"https:\/\/www.haartick-extensions.de\/wp-content\/uploads\/2024\/09\/extension-removing-spray@2x-100-scaled-2.webp\",\"width\":1920,\"height\":2560},{\"@type\":\"BreadcrumbList\",\"@id\":\"https:\/\/www.haartick-extensions.de\/it\/shop\/fidentia-tape-und-bondingloeser-spray\/#breadcrumb\",\"itemListElement\":[{\"@type\":\"ListItem\",\"position\":1,\"name\":\"Startseite\",\"item\":\"https:\/\/www.haartick-extensions.de\/it\/\"},{\"@type\":\"ListItem\",\"position\":2,\"name\":\"Shop\",\"item\":\"https:\/\/www.haartick-extensions.de\/ru\/shop\/\"},{\"@type\":\"ListItem\",\"position\":3,\"name\":\"Fidentia Tape- und Bondingl\u00f6ser Spray\"}]},{\"@type\":\"WebSite\",\"@id\":\"https:\/\/www.haartick-extensions.de\/it\/#website\",\"url\":\"https:\/\/www.haartick-extensions.de\/it\/\",\"name\":\"Haartick-Extensions\",\"description\":\"Professionelle Haarverl\u00e4ngerund \/ Haarverdichtung mit 100% Echthaar.\",\"publisher\":{\"@id\":\"https:\/\/www.haartick-extensions.de\/it\/#organization\"},\"potentialAction\":[{\"@type\":\"SearchAction\",\"target\":{\"@type\":\"EntryPoint\",\"urlTemplate\":\"https:\/\/www.haartick-extensions.de\/it\/?s={search_term_string}\"},\"query-input\":{\"@type\":\"PropertyValueSpecification\",\"valueRequired\":true,\"valueName\":\"search_term_string\"}}],\"inLanguage\":\"nl-NL\"},{\"@type\":\"Organization\",\"@id\":\"https:\/\/www.haartick-extensions.de\/it\/#organization\",\"name\":\"Haartick Extensions\",\"url\":\"https:\/\/www.haartick-extensions.de\/it\/\",\"logo\":{\"@type\":\"ImageObject\",\"inLanguage\":\"nl-NL\",\"@id\":\"https:\/\/www.haartick-extensions.de\/it\/#\/schema\/logo\/image\/\",\"url\":\"https:\/\/www.haartick-extensions.de\/wp-content\/uploads\/2024\/05\/cropped-Logo-mark-charm.png\",\"contentUrl\":\"https:\/\/www.haartick-extensions.de\/wp-content\/uploads\/2024\/05\/cropped-Logo-mark-charm.png\",\"width\":512,\"height\":512,\"caption\":\"Haartick Extensions\"},\"image\":{\"@id\":\"https:\/\/www.haartick-extensions.de\/it\/#\/schema\/logo\/image\/\"}}]}<\/script>\n<!-- \/ Yoast SEO plugin. -->","yoast_head_json":{"title":"Fidentia Tape- und Bondingl\u00f6ser Spray - Haartick-Extensions","robots":{"index":"index","follow":"follow","max-snippet":"max-snippet:-1","max-image-preview":"max-image-preview:large","max-video-preview":"max-video-preview:-1"},"canonical":"https:\/\/www.haartick-extensions.de\/nl\/shop\/fidentia-tape-und-bondingloeser-spray\/","og_locale":"nl_NL","og_type":"article","og_title":"Fidentia Tape- und Bondingl\u00f6ser Spray - Haartick-Extensions","og_description":"Zum schonenden L\u00f6sen von Extensions, Haarteilen &amp; Per\u00fccken Schont Kopfhaut &amp; Extensions Mit Pro Vitamin B5 F\u00fcr Keratinbondings und Tapes","og_url":"https:\/\/www.haartick-extensions.de\/nl\/shop\/fidentia-tape-und-bondingloeser-spray\/","og_site_name":"Haartick-Extensions","article_modified_time":"2026-04-16T15:13:49+00:00","og_image":[{"width":1920,"height":2560,"url":"https:\/\/www.haartick-extensions.de\/wp-content\/uploads\/2024\/09\/extension-removing-spray@2x-100-scaled-2.webp","type":"image\/jpeg"}],"twitter_card":"summary_large_image","twitter_misc":{"Geschatte leestijd":"2 minuten"},"schema":{"@context":"https:\/\/schema.org","@graph":[{"@type":"WebPage","@id":"https:\/\/www.haartick-extensions.de\/it\/shop\/fidentia-tape-und-bondingloeser-spray\/","url":"https:\/\/www.haartick-extensions.de\/it\/shop\/fidentia-tape-und-bondingloeser-spray\/","name":"Fidentia Tape- und Bondingl\u00f6ser Spray - Haartick-Extensions","isPartOf":{"@id":"https:\/\/www.haartick-extensions.de\/it\/#website"},"primaryImageOfPage":{"@id":"https:\/\/www.haartick-extensions.de\/it\/shop\/fidentia-tape-und-bondingloeser-spray\/#primaryimage"},"image":{"@id":"https:\/\/www.haartick-extensions.de\/it\/shop\/fidentia-tape-und-bondingloeser-spray\/#primaryimage"},"thumbnailUrl":"https:\/\/www.haartick-extensions.de\/wp-content\/uploads\/2024\/09\/extension-removing-spray@2x-100-scaled-2.webp","datePublished":"2024-09-27T18:17:26+00:00","dateModified":"2026-04-16T15:13:49+00:00","breadcrumb":{"@id":"https:\/\/www.haartick-extensions.de\/it\/shop\/fidentia-tape-und-bondingloeser-spray\/#breadcrumb"},"inLanguage":"nl-NL","potentialAction":[{"@type":"ReadAction","target":["https:\/\/www.haartick-extensions.de\/it\/shop\/fidentia-tape-und-bondingloeser-spray\/"]}]},{"@type":"ImageObject","inLanguage":"nl-NL","@id":"https:\/\/www.haartick-extensions.de\/it\/shop\/fidentia-tape-und-bondingloeser-spray\/#primaryimage","url":"https:\/\/www.haartick-extensions.de\/wp-content\/uploads\/2024\/09\/extension-removing-spray@2x-100-scaled-2.webp","contentUrl":"https:\/\/www.haartick-extensions.de\/wp-content\/uploads\/2024\/09\/extension-removing-spray@2x-100-scaled-2.webp","width":1920,"height":2560},{"@type":"BreadcrumbList","@id":"https:\/\/www.haartick-extensions.de\/it\/shop\/fidentia-tape-und-bondingloeser-spray\/#breadcrumb","itemListElement":[{"@type":"ListItem","position":1,"name":"Startseite","item":"https:\/\/www.haartick-extensions.de\/it\/"},{"@type":"ListItem","position":2,"name":"Shop","item":"https:\/\/www.haartick-extensions.de\/ru\/shop\/"},{"@type":"ListItem","position":3,"name":"Fidentia Tape- und Bondingl\u00f6ser Spray"}]},{"@type":"WebSite","@id":"https:\/\/www.haartick-extensions.de\/it\/#website","url":"https:\/\/www.haartick-extensions.de\/it\/","name":"Haarstick extensies","description":"Professionele haarverlenging en -verdikking met 100% menselijk haar.","publisher":{"@id":"https:\/\/www.haartick-extensions.de\/it\/#organization"},"potentialAction":[{"@type":"SearchAction","target":{"@type":"EntryPoint","urlTemplate":"https:\/\/www.haartick-extensions.de\/it\/?s={search_term_string}"},"query-input":{"@type":"PropertyValueSpecification","valueRequired":true,"valueName":"search_term_string"}}],"inLanguage":"nl-NL"},{"@type":"Organization","@id":"https:\/\/www.haartick-extensions.de\/it\/#organization","name":"Haartick uitbreidingen","url":"https:\/\/www.haartick-extensions.de\/it\/","logo":{"@type":"ImageObject","inLanguage":"nl-NL","@id":"https:\/\/www.haartick-extensions.de\/it\/#\/schema\/logo\/image\/","url":"https:\/\/www.haartick-extensions.de\/wp-content\/uploads\/2024\/05\/cropped-Logo-mark-charm.png","contentUrl":"https:\/\/www.haartick-extensions.de\/wp-content\/uploads\/2024\/05\/cropped-Logo-mark-charm.png","width":512,"height":512,"caption":"Haartick Extensions"},"image":{"@id":"https:\/\/www.haartick-extensions.de\/it\/#\/schema\/logo\/image\/"}}]}},"_links":{"self":[{"href":"https:\/\/www.haartick-extensions.de\/nl\/wp-json\/wp\/v2\/product\/20225","targetHints":{"allow":["GET"]}}],"collection":[{"href":"https:\/\/www.haartick-extensions.de\/nl\/wp-json\/wp\/v2\/product"}],"about":[{"href":"https:\/\/www.haartick-extensions.de\/nl\/wp-json\/wp\/v2\/types\/product"}],"replies":[{"embeddable":true,"href":"https:\/\/www.haartick-extensions.de\/nl\/wp-json\/wp\/v2\/comments?post=20225"}],"version-history":[{"count":0,"href":"https:\/\/www.haartick-extensions.de\/nl\/wp-json\/wp\/v2\/product\/20225\/revisions"}],"wp:featuredmedia":[{"embeddable":true,"href":"https:\/\/www.haartick-extensions.de\/nl\/wp-json\/wp\/v2\/media\/22376"}],"wp:attachment":[{"href":"https:\/\/www.haartick-extensions.de\/nl\/wp-json\/wp\/v2\/media?parent=20225"}],"wp:term":[{"taxonomy":"product_brand","embeddable":true,"href":"https:\/\/www.haartick-extensions.de\/nl\/wp-json\/wp\/v2\/product_brand?post=20225"},{"taxonomy":"product_cat","embeddable":true,"href":"https:\/\/www.haartick-extensions.de\/nl\/wp-json\/wp\/v2\/product_cat?post=20225"},{"taxonomy":"product_tag","embeddable":true,"href":"https:\/\/www.haartick-extensions.de\/nl\/wp-json\/wp\/v2\/product_tag?post=20225"}],"curies":[{"name":"wp","href":"https:\/\/api.w.org\/{rel}","templated":true}]}}