{"id":22212,"date":"2024-11-12T15:38:04","date_gmt":"2024-11-12T15:38:04","guid":{"rendered":"https:\/\/www.haartick-extensions.de\/wordpress\/?post_type=product&#038;p=22212"},"modified":"2026-04-30T09:40:58","modified_gmt":"2026-04-30T09:40:58","slug":"kallos-cosmetics-vegan-soul-hair-mask","status":"publish","type":"product","link":"https:\/\/www.haartick-extensions.de\/nl\/shop\/kallos-cosmetics-vegan-soul-hair-mask\/","title":{"rendered":"Kallos Cosmetics Vegan Soul Haarmasker"},"content":{"rendered":"<div><strong>Beschrijving:<\/strong><\/div>\n<ul>\n<li>Ideaal voor fijn haar<\/li>\n<li>Bevat een speciale mix van versterkende vitaminen, bamboe-extract, ginsengextract en kokosolie<\/li>\n<li>Verbetert de flexibiliteit en geeft het haar extra glans<\/li>\n<li>Vrij van parabenen, siliconen en dierlijke ingredi\u00ebnten<\/li>\n<\/ul>\n<div><\/div>\n<div><strong>Toepassing:<\/strong><\/div>\n<ul>\n<li>Na het wassen aanbrengen op handdoekdroog haar, 5 minuten laten inwerken en grondig uitspoelen.<\/li>\n<li>Breng bij extensions alleen aan op de lengtes en uiteinden<\/li>\n<\/ul>\n<div><\/div>\n<div><strong>Ingredi\u00ebnten:<\/strong><\/div>\n<div>Aqua, Cetearyl Alcohol, Cetrimonium Chloride, Parfum, Glycerine, Cyclopentasiloxaan, Dimethiconol, Alo\u00eb Barbadensis Bladsap, Helianthus Annuus Zaadolie, Linum Usitatissimum Zaadolie, Persea Gratissima Olie, Argania Spinosa Kernel Olie, Equisetum Arvense Blad Extract, Panax Ginseng Wortel Extract, Bambusa Vulgaris blad\/stengel extract, Cocos Nucifera Olie, Olea Europaea Fruit Olie, Tocopheryl Acetaat, Panthenol, Ascorbyl Fosfaat, Natrium Benzoaat, Kalium Sorbaat, Propyleen Glycol, Benzyl Alcohol, Fenoxyethanol, Ethylhexylglycerine, Citroenzuur, Hydroxycitronellal, Linalool, Hexyl Cinnamal<\/div>\n<p><strong>Als gevolg van verpakkingsupdates door de fabrikant kan de productverpakking afwijken van de afbeelding.<\/strong><\/p>","protected":false},"excerpt":{"rendered":"<p><strong>Inhoud: 1000ml.<\/strong><\/p>\n<p style=\"color: red;\"><strong>Tip<\/strong>Hygi\u00ebneproducten zoals shampoos, maskers, hittebeschermingsproducten, oli\u00ebn en oplossingen voor haarextensies kunnen alleen worden teruggenomen als ze ongebruikt, origineel verzegeld en in perfecte staat zijn.<\/p>","protected":false},"featured_media":22208,"comment_status":"open","ping_status":"closed","template":"","meta":{"_joinchat":[]},"product_brand":[],"product_cat":[94],"product_tag":[],"class_list":{"0":"post-22212","1":"product","2":"type-product","3":"status-publish","4":"has-post-thumbnail","6":"product_cat-pflegeprodukte","8":"first","9":"instock","10":"taxable","11":"shipping-taxable","12":"purchasable","13":"product-type-simple"},"yoast_head":"<!-- This site is optimized with the Yoast SEO plugin v25.6 - https:\/\/yoast.com\/wordpress\/plugins\/seo\/ -->\n<title>Kallos Cosmetics Vegan Soul Hair Mask - Haartick-Extensions<\/title>\n<meta name=\"robots\" content=\"index, follow, max-snippet:-1, max-image-preview:large, max-video-preview:-1\" \/>\n<link rel=\"canonical\" href=\"https:\/\/www.haartick-extensions.de\/nl\/shop\/kallos-cosmetics-vegan-soul-hair-mask\/\" \/>\n<meta property=\"og:locale\" content=\"nl_NL\" \/>\n<meta property=\"og:type\" content=\"article\" \/>\n<meta property=\"og:title\" content=\"Kallos Cosmetics Vegan Soul Hair Mask - Haartick-Extensions\" \/>\n<meta property=\"og:description\" content=\"Inhalt: 1000ml. Hinweis: Hygieneprodukte wie Shampoos, Masken, Hitzeschutzmittel, \u00d6le und L\u00f6sungen f\u00fcr Haarverl\u00e4ngerungen k\u00f6nnen wir ausschlie\u00dflich zur\u00fccknehmen, wenn sie unbenutzt, originalversiegelt und in einwandfreiem\u00a0Zustand\u00a0sind.\" \/>\n<meta property=\"og:url\" content=\"https:\/\/www.haartick-extensions.de\/nl\/shop\/kallos-cosmetics-vegan-soul-hair-mask\/\" \/>\n<meta property=\"og:site_name\" content=\"Haartick-Extensions\" \/>\n<meta property=\"article:modified_time\" content=\"2026-04-30T09:40:58+00:00\" \/>\n<meta property=\"og:image\" content=\"https:\/\/www.haartick-extensions.de\/wp-content\/uploads\/2024\/11\/kls-vegan-soul-volumizing-mask-1l.jpg\" \/>\n\t<meta property=\"og:image:width\" content=\"800\" \/>\n\t<meta property=\"og:image:height\" content=\"800\" \/>\n\t<meta property=\"og:image:type\" content=\"image\/jpeg\" \/>\n<meta name=\"twitter:card\" content=\"summary_large_image\" \/>\n<meta name=\"twitter:label1\" content=\"Geschatte leestijd\" \/>\n\t<meta name=\"twitter:data1\" content=\"1 minuut\" \/>\n<script type=\"application\/ld+json\" class=\"yoast-schema-graph\">{\"@context\":\"https:\/\/schema.org\",\"@graph\":[{\"@type\":\"WebPage\",\"@id\":\"https:\/\/www.haartick-extensions.de\/fr\/shop\/kallos-cosmetics-vegan-soul-hair-mask\/\",\"url\":\"https:\/\/www.haartick-extensions.de\/fr\/shop\/kallos-cosmetics-vegan-soul-hair-mask\/\",\"name\":\"Kallos Cosmetics Vegan Soul Hair Mask - Haartick-Extensions\",\"isPartOf\":{\"@id\":\"https:\/\/www.haartick-extensions.de\/it\/#website\"},\"primaryImageOfPage\":{\"@id\":\"https:\/\/www.haartick-extensions.de\/fr\/shop\/kallos-cosmetics-vegan-soul-hair-mask\/#primaryimage\"},\"image\":{\"@id\":\"https:\/\/www.haartick-extensions.de\/fr\/shop\/kallos-cosmetics-vegan-soul-hair-mask\/#primaryimage\"},\"thumbnailUrl\":\"https:\/\/www.haartick-extensions.de\/wp-content\/uploads\/2024\/11\/kls-vegan-soul-volumizing-mask-1l.jpg\",\"datePublished\":\"2024-11-12T15:38:04+00:00\",\"dateModified\":\"2026-04-30T09:40:58+00:00\",\"breadcrumb\":{\"@id\":\"https:\/\/www.haartick-extensions.de\/fr\/shop\/kallos-cosmetics-vegan-soul-hair-mask\/#breadcrumb\"},\"inLanguage\":\"nl-NL\",\"potentialAction\":[{\"@type\":\"ReadAction\",\"target\":[\"https:\/\/www.haartick-extensions.de\/fr\/shop\/kallos-cosmetics-vegan-soul-hair-mask\/\"]}]},{\"@type\":\"ImageObject\",\"inLanguage\":\"nl-NL\",\"@id\":\"https:\/\/www.haartick-extensions.de\/fr\/shop\/kallos-cosmetics-vegan-soul-hair-mask\/#primaryimage\",\"url\":\"https:\/\/www.haartick-extensions.de\/wp-content\/uploads\/2024\/11\/kls-vegan-soul-volumizing-mask-1l.jpg\",\"contentUrl\":\"https:\/\/www.haartick-extensions.de\/wp-content\/uploads\/2024\/11\/kls-vegan-soul-volumizing-mask-1l.jpg\",\"width\":800,\"height\":800},{\"@type\":\"BreadcrumbList\",\"@id\":\"https:\/\/www.haartick-extensions.de\/fr\/shop\/kallos-cosmetics-vegan-soul-hair-mask\/#breadcrumb\",\"itemListElement\":[{\"@type\":\"ListItem\",\"position\":1,\"name\":\"Startseite\",\"item\":\"https:\/\/www.haartick-extensions.de\/it\/\"},{\"@type\":\"ListItem\",\"position\":2,\"name\":\"Shop\",\"item\":\"https:\/\/www.haartick-extensions.de\/ru\/shop\/\"},{\"@type\":\"ListItem\",\"position\":3,\"name\":\"Kallos Cosmetics Vegan Soul Hair Mask\"}]},{\"@type\":\"WebSite\",\"@id\":\"https:\/\/www.haartick-extensions.de\/it\/#website\",\"url\":\"https:\/\/www.haartick-extensions.de\/it\/\",\"name\":\"Haartick-Extensions\",\"description\":\"Professionelle Haarverl\u00e4ngerund \/ Haarverdichtung mit 100% Echthaar.\",\"publisher\":{\"@id\":\"https:\/\/www.haartick-extensions.de\/it\/#organization\"},\"potentialAction\":[{\"@type\":\"SearchAction\",\"target\":{\"@type\":\"EntryPoint\",\"urlTemplate\":\"https:\/\/www.haartick-extensions.de\/it\/?s={search_term_string}\"},\"query-input\":{\"@type\":\"PropertyValueSpecification\",\"valueRequired\":true,\"valueName\":\"search_term_string\"}}],\"inLanguage\":\"nl-NL\"},{\"@type\":\"Organization\",\"@id\":\"https:\/\/www.haartick-extensions.de\/it\/#organization\",\"name\":\"Haartick Extensions\",\"url\":\"https:\/\/www.haartick-extensions.de\/it\/\",\"logo\":{\"@type\":\"ImageObject\",\"inLanguage\":\"nl-NL\",\"@id\":\"https:\/\/www.haartick-extensions.de\/it\/#\/schema\/logo\/image\/\",\"url\":\"https:\/\/www.haartick-extensions.de\/wp-content\/uploads\/2024\/05\/cropped-Logo-mark-charm.png\",\"contentUrl\":\"https:\/\/www.haartick-extensions.de\/wp-content\/uploads\/2024\/05\/cropped-Logo-mark-charm.png\",\"width\":512,\"height\":512,\"caption\":\"Haartick Extensions\"},\"image\":{\"@id\":\"https:\/\/www.haartick-extensions.de\/it\/#\/schema\/logo\/image\/\"}}]}<\/script>\n<!-- \/ Yoast SEO plugin. -->","yoast_head_json":{"title":"Kallos Cosmetics Vegan Soul Haarmasker - Haarstick Extensions","robots":{"index":"index","follow":"follow","max-snippet":"max-snippet:-1","max-image-preview":"max-image-preview:large","max-video-preview":"max-video-preview:-1"},"canonical":"https:\/\/www.haartick-extensions.de\/nl\/shop\/kallos-cosmetics-vegan-soul-hair-mask\/","og_locale":"nl_NL","og_type":"article","og_title":"Kallos Cosmetics Vegan Soul Hair Mask - Haartick-Extensions","og_description":"Inhalt: 1000ml. Hinweis: Hygieneprodukte wie Shampoos, Masken, Hitzeschutzmittel, \u00d6le und L\u00f6sungen f\u00fcr Haarverl\u00e4ngerungen k\u00f6nnen wir ausschlie\u00dflich zur\u00fccknehmen, wenn sie unbenutzt, originalversiegelt und in einwandfreiem\u00a0Zustand\u00a0sind.","og_url":"https:\/\/www.haartick-extensions.de\/nl\/shop\/kallos-cosmetics-vegan-soul-hair-mask\/","og_site_name":"Haartick-Extensions","article_modified_time":"2026-04-30T09:40:58+00:00","og_image":[{"width":800,"height":800,"url":"https:\/\/www.haartick-extensions.de\/wp-content\/uploads\/2024\/11\/kls-vegan-soul-volumizing-mask-1l.jpg","type":"image\/jpeg"}],"twitter_card":"summary_large_image","twitter_misc":{"Geschatte leestijd":"1 minuut"},"schema":{"@context":"https:\/\/schema.org","@graph":[{"@type":"WebPage","@id":"https:\/\/www.haartick-extensions.de\/fr\/shop\/kallos-cosmetics-vegan-soul-hair-mask\/","url":"https:\/\/www.haartick-extensions.de\/fr\/shop\/kallos-cosmetics-vegan-soul-hair-mask\/","name":"Kallos Cosmetics Vegan Soul Haarmasker - Haarstick Extensions","isPartOf":{"@id":"https:\/\/www.haartick-extensions.de\/it\/#website"},"primaryImageOfPage":{"@id":"https:\/\/www.haartick-extensions.de\/fr\/shop\/kallos-cosmetics-vegan-soul-hair-mask\/#primaryimage"},"image":{"@id":"https:\/\/www.haartick-extensions.de\/fr\/shop\/kallos-cosmetics-vegan-soul-hair-mask\/#primaryimage"},"thumbnailUrl":"https:\/\/www.haartick-extensions.de\/wp-content\/uploads\/2024\/11\/kls-vegan-soul-volumizing-mask-1l.jpg","datePublished":"2024-11-12T15:38:04+00:00","dateModified":"2026-04-30T09:40:58+00:00","breadcrumb":{"@id":"https:\/\/www.haartick-extensions.de\/fr\/shop\/kallos-cosmetics-vegan-soul-hair-mask\/#breadcrumb"},"inLanguage":"nl-NL","potentialAction":[{"@type":"ReadAction","target":["https:\/\/www.haartick-extensions.de\/fr\/shop\/kallos-cosmetics-vegan-soul-hair-mask\/"]}]},{"@type":"ImageObject","inLanguage":"nl-NL","@id":"https:\/\/www.haartick-extensions.de\/fr\/shop\/kallos-cosmetics-vegan-soul-hair-mask\/#primaryimage","url":"https:\/\/www.haartick-extensions.de\/wp-content\/uploads\/2024\/11\/kls-vegan-soul-volumizing-mask-1l.jpg","contentUrl":"https:\/\/www.haartick-extensions.de\/wp-content\/uploads\/2024\/11\/kls-vegan-soul-volumizing-mask-1l.jpg","width":800,"height":800},{"@type":"BreadcrumbList","@id":"https:\/\/www.haartick-extensions.de\/fr\/shop\/kallos-cosmetics-vegan-soul-hair-mask\/#breadcrumb","itemListElement":[{"@type":"ListItem","position":1,"name":"Startseite","item":"https:\/\/www.haartick-extensions.de\/it\/"},{"@type":"ListItem","position":2,"name":"Shop","item":"https:\/\/www.haartick-extensions.de\/ru\/shop\/"},{"@type":"ListItem","position":3,"name":"Kallos Cosmetics Vegan Soul Hair Mask"}]},{"@type":"WebSite","@id":"https:\/\/www.haartick-extensions.de\/it\/#website","url":"https:\/\/www.haartick-extensions.de\/it\/","name":"Haarstick extensies","description":"Professionele haarverlenging en -verdikking met 100% menselijk haar.","publisher":{"@id":"https:\/\/www.haartick-extensions.de\/it\/#organization"},"potentialAction":[{"@type":"SearchAction","target":{"@type":"EntryPoint","urlTemplate":"https:\/\/www.haartick-extensions.de\/it\/?s={search_term_string}"},"query-input":{"@type":"PropertyValueSpecification","valueRequired":true,"valueName":"search_term_string"}}],"inLanguage":"nl-NL"},{"@type":"Organization","@id":"https:\/\/www.haartick-extensions.de\/it\/#organization","name":"Haartick uitbreidingen","url":"https:\/\/www.haartick-extensions.de\/it\/","logo":{"@type":"ImageObject","inLanguage":"nl-NL","@id":"https:\/\/www.haartick-extensions.de\/it\/#\/schema\/logo\/image\/","url":"https:\/\/www.haartick-extensions.de\/wp-content\/uploads\/2024\/05\/cropped-Logo-mark-charm.png","contentUrl":"https:\/\/www.haartick-extensions.de\/wp-content\/uploads\/2024\/05\/cropped-Logo-mark-charm.png","width":512,"height":512,"caption":"Haartick Extensions"},"image":{"@id":"https:\/\/www.haartick-extensions.de\/it\/#\/schema\/logo\/image\/"}}]}},"_links":{"self":[{"href":"https:\/\/www.haartick-extensions.de\/nl\/wp-json\/wp\/v2\/product\/22212","targetHints":{"allow":["GET"]}}],"collection":[{"href":"https:\/\/www.haartick-extensions.de\/nl\/wp-json\/wp\/v2\/product"}],"about":[{"href":"https:\/\/www.haartick-extensions.de\/nl\/wp-json\/wp\/v2\/types\/product"}],"replies":[{"embeddable":true,"href":"https:\/\/www.haartick-extensions.de\/nl\/wp-json\/wp\/v2\/comments?post=22212"}],"version-history":[{"count":0,"href":"https:\/\/www.haartick-extensions.de\/nl\/wp-json\/wp\/v2\/product\/22212\/revisions"}],"wp:featuredmedia":[{"embeddable":true,"href":"https:\/\/www.haartick-extensions.de\/nl\/wp-json\/wp\/v2\/media\/22208"}],"wp:attachment":[{"href":"https:\/\/www.haartick-extensions.de\/nl\/wp-json\/wp\/v2\/media?parent=22212"}],"wp:term":[{"taxonomy":"product_brand","embeddable":true,"href":"https:\/\/www.haartick-extensions.de\/nl\/wp-json\/wp\/v2\/product_brand?post=22212"},{"taxonomy":"product_cat","embeddable":true,"href":"https:\/\/www.haartick-extensions.de\/nl\/wp-json\/wp\/v2\/product_cat?post=22212"},{"taxonomy":"product_tag","embeddable":true,"href":"https:\/\/www.haartick-extensions.de\/nl\/wp-json\/wp\/v2\/product_tag?post=22212"}],"curies":[{"name":"wp","href":"https:\/\/api.w.org\/{rel}","templated":true}]}}