{"id":23931,"date":"2025-05-20T18:27:28","date_gmt":"2025-05-20T18:27:28","guid":{"rendered":"https:\/\/www.haartick-extensions.de\/?post_type=product&#038;p=23931"},"modified":"2026-02-20T21:02:50","modified_gmt":"2026-02-20T21:02:50","slug":"professioneller-farbring-fuer-extensions-31-brillante-farben-inkl-fantasytoene","status":"publish","type":"product","link":"https:\/\/www.haartick-extensions.de\/nl\/shop\/professioneller-farbring-fuer-extensions-31-brillante-farben-inkl-fantasytoene\/","title":{"rendered":"Professionele kleurring voor extensions - 32 schitterende kleuren incl. fantasietinten"},"content":{"rendered":"<div>Ontdek het volledige kleurenpalet met onze hoogwaardige kleurring voor extensions - het perfecte hulpmiddel voor kappers, stylisten en iedereen die met professionele hairextensions werkt.<\/div>\n<div><\/div>\n<div>Met 32 zorgvuldig geselecteerde tinten biedt de kleurenring een uitgebreid overzicht van alle beschikbare nuances - van natuurlijke blond-, bruin-, zwart- en roodtinten tot expressieve fantasietinten zoals rood, bordeaux of oranje.<\/div>\n<div><\/div>\n<div>Elke individuele kleur heeft een duidelijke kleurnaam en wordt gepresenteerd op een echte haarlok van hoge kwaliteit - voor een realistische beoordeling van kleur, glans en textuur.<\/div>\n<div><\/div>\n<div><strong>Ideaal voor:<\/strong><\/div>\n<ul>\n<li>Kleurconsulten in de salon<\/li>\n<li>De perfecte kleurovereenkomst voor hairextensions<\/li>\n<li>Klanten die verschillende kleuren willen vergelijken<\/li>\n<li>Creatieve looks met natuurlijke en ongebruikelijke kleuren<\/li>\n<\/ul>\n<div><\/div>\n<div><strong>Productgegevens:<\/strong><\/div>\n<ul>\n<li>32 strengen menselijk haar (kleurecht &amp; van hoge kwaliteit)<\/li>\n<li>Praktisch gebundeld op een stevige ring<\/li>\n<li>Compact, handig en gemakkelijk te vervoeren<\/li>\n<li>Perfect voor dagelijks gebruik in de salon<\/li>\n<\/ul>\n<div><\/div>\n<div>Maak kleurkeuze makkelijker en professioneler voor je klanten - met deze kleurenring sla je altijd de juiste toon aan.<\/div>","protected":false},"excerpt":{"rendered":"<div class=\"woocommerce-variation-description\">\n<p style=\"color: red;\">Houd er rekening mee dat dit een bestelling op maat is. Retourneren is daarom niet mogelijk en de levertijd kan iets langer zijn. Vanwege het speciale maatwerk en de eisen die aan deze productie worden gesteld, hechten we bijzonder veel waarde aan de hoogste precisie en kwaliteit. Dit vereist extra tijd en zorgvuldige productie, evenals een grondige inspectie van je bestelling.<\/p>\n<\/div>","protected":false},"featured_media":24560,"comment_status":"open","ping_status":"closed","template":"","meta":{"_joinchat":[]},"product_brand":[],"product_cat":[28],"product_tag":[],"class_list":{"0":"post-23931","1":"product","2":"type-product","3":"status-publish","4":"has-post-thumbnail","6":"product_cat-zubehoer","8":"first","9":"instock","10":"taxable","11":"shipping-taxable","12":"purchasable","13":"product-type-simple"},"yoast_head":"<!-- This site is optimized with the Yoast SEO plugin v25.6 - https:\/\/yoast.com\/wordpress\/plugins\/seo\/ -->\n<title>Professioneller Farbring f\u00fcr Extensions \u2013 32 brillante Farben inkl. Fantasyt\u00f6ne - Haartick-Extensions<\/title>\n<meta name=\"robots\" content=\"index, follow, max-snippet:-1, max-image-preview:large, max-video-preview:-1\" \/>\n<link rel=\"canonical\" href=\"https:\/\/www.haartick-extensions.de\/nl\/shop\/professioneller-farbring-fuer-extensions-31-brillante-farben-inkl-fantasytoene\/\" \/>\n<meta property=\"og:locale\" content=\"nl_NL\" \/>\n<meta property=\"og:type\" content=\"article\" \/>\n<meta property=\"og:title\" content=\"Professioneller Farbring f\u00fcr Extensions \u2013 32 brillante Farben inkl. Fantasyt\u00f6ne - Haartick-Extensions\" \/>\n<meta property=\"og:description\" content=\"Bitte beachten Sie, dass es sich um eine individuell angefertigte Bestellung handelt. Eine R\u00fcckgabe ist daher ausgeschlossen, und die Lieferzeit kann etwas l\u00e4nger dauern. Aufgrund der speziellen Anpassungen und Anforderungen, die mit dieser Anfertigung verbunden sind, legen wir besonderen Wert auf h\u00f6chste Pr\u00e4zision und Qualit\u00e4t. Dies erfordert zus\u00e4tzliche Zeit und eine sorgf\u00e4ltige Fertigung sowie eine gr\u00fcndliche Pr\u00fcfung Ihrer Bestellung.\" \/>\n<meta property=\"og:url\" content=\"https:\/\/www.haartick-extensions.de\/nl\/shop\/professioneller-farbring-fuer-extensions-31-brillante-farben-inkl-fantasytoene\/\" \/>\n<meta property=\"og:site_name\" content=\"Haartick-Extensions\" \/>\n<meta property=\"article:modified_time\" content=\"2026-02-20T21:02:50+00:00\" \/>\n<meta property=\"og:image\" content=\"https:\/\/www.haartick-extensions.de\/wp-content\/uploads\/2025\/05\/Farbring.webp\" \/>\n\t<meta property=\"og:image:width\" content=\"1500\" \/>\n\t<meta property=\"og:image:height\" content=\"2000\" \/>\n\t<meta property=\"og:image:type\" content=\"image\/webp\" \/>\n<meta name=\"twitter:card\" content=\"summary_large_image\" \/>\n<meta name=\"twitter:label1\" content=\"Geschatte leestijd\" \/>\n\t<meta name=\"twitter:data1\" content=\"2 minuten\" \/>\n<script type=\"application\/ld+json\" class=\"yoast-schema-graph\">{\"@context\":\"https:\/\/schema.org\",\"@graph\":[{\"@type\":\"WebPage\",\"@id\":\"https:\/\/www.haartick-extensions.de\/de\/shop\/professioneller-farbring-fuer-extensions-31-brillante-farben-inkl-fantasytoene\/\",\"url\":\"https:\/\/www.haartick-extensions.de\/de\/shop\/professioneller-farbring-fuer-extensions-31-brillante-farben-inkl-fantasytoene\/\",\"name\":\"Professioneller Farbring f\u00fcr Extensions \u2013 32 brillante Farben inkl. Fantasyt\u00f6ne - Haartick-Extensions\",\"isPartOf\":{\"@id\":\"https:\/\/www.haartick-extensions.de\/it\/#website\"},\"primaryImageOfPage\":{\"@id\":\"https:\/\/www.haartick-extensions.de\/de\/shop\/professioneller-farbring-fuer-extensions-31-brillante-farben-inkl-fantasytoene\/#primaryimage\"},\"image\":{\"@id\":\"https:\/\/www.haartick-extensions.de\/de\/shop\/professioneller-farbring-fuer-extensions-31-brillante-farben-inkl-fantasytoene\/#primaryimage\"},\"thumbnailUrl\":\"https:\/\/www.haartick-extensions.de\/wp-content\/uploads\/2025\/05\/Farbring.webp\",\"datePublished\":\"2025-05-20T18:27:28+00:00\",\"dateModified\":\"2026-02-20T21:02:50+00:00\",\"breadcrumb\":{\"@id\":\"https:\/\/www.haartick-extensions.de\/de\/shop\/professioneller-farbring-fuer-extensions-31-brillante-farben-inkl-fantasytoene\/#breadcrumb\"},\"inLanguage\":\"nl-NL\",\"potentialAction\":[{\"@type\":\"ReadAction\",\"target\":[\"https:\/\/www.haartick-extensions.de\/de\/shop\/professioneller-farbring-fuer-extensions-31-brillante-farben-inkl-fantasytoene\/\"]}]},{\"@type\":\"ImageObject\",\"inLanguage\":\"nl-NL\",\"@id\":\"https:\/\/www.haartick-extensions.de\/de\/shop\/professioneller-farbring-fuer-extensions-31-brillante-farben-inkl-fantasytoene\/#primaryimage\",\"url\":\"https:\/\/www.haartick-extensions.de\/wp-content\/uploads\/2025\/05\/Farbring.webp\",\"contentUrl\":\"https:\/\/www.haartick-extensions.de\/wp-content\/uploads\/2025\/05\/Farbring.webp\",\"width\":1500,\"height\":2000},{\"@type\":\"BreadcrumbList\",\"@id\":\"https:\/\/www.haartick-extensions.de\/de\/shop\/professioneller-farbring-fuer-extensions-31-brillante-farben-inkl-fantasytoene\/#breadcrumb\",\"itemListElement\":[{\"@type\":\"ListItem\",\"position\":1,\"name\":\"Startseite\",\"item\":\"https:\/\/www.haartick-extensions.de\/it\/\"},{\"@type\":\"ListItem\",\"position\":2,\"name\":\"Shop\",\"item\":\"https:\/\/www.haartick-extensions.de\/ru\/shop\/\"},{\"@type\":\"ListItem\",\"position\":3,\"name\":\"Professioneller Farbring f\u00fcr Extensions \u2013 32 brillante Farben inkl. Fantasyt\u00f6ne\"}]},{\"@type\":\"WebSite\",\"@id\":\"https:\/\/www.haartick-extensions.de\/it\/#website\",\"url\":\"https:\/\/www.haartick-extensions.de\/it\/\",\"name\":\"Haartick-Extensions\",\"description\":\"Professionelle Haarverl\u00e4ngerund \/ Haarverdichtung mit 100% Echthaar.\",\"publisher\":{\"@id\":\"https:\/\/www.haartick-extensions.de\/it\/#organization\"},\"potentialAction\":[{\"@type\":\"SearchAction\",\"target\":{\"@type\":\"EntryPoint\",\"urlTemplate\":\"https:\/\/www.haartick-extensions.de\/it\/?s={search_term_string}\"},\"query-input\":{\"@type\":\"PropertyValueSpecification\",\"valueRequired\":true,\"valueName\":\"search_term_string\"}}],\"inLanguage\":\"nl-NL\"},{\"@type\":\"Organization\",\"@id\":\"https:\/\/www.haartick-extensions.de\/it\/#organization\",\"name\":\"Haartick Extensions\",\"url\":\"https:\/\/www.haartick-extensions.de\/it\/\",\"logo\":{\"@type\":\"ImageObject\",\"inLanguage\":\"nl-NL\",\"@id\":\"https:\/\/www.haartick-extensions.de\/it\/#\/schema\/logo\/image\/\",\"url\":\"https:\/\/www.haartick-extensions.de\/wp-content\/uploads\/2024\/05\/cropped-Logo-mark-charm.png\",\"contentUrl\":\"https:\/\/www.haartick-extensions.de\/wp-content\/uploads\/2024\/05\/cropped-Logo-mark-charm.png\",\"width\":512,\"height\":512,\"caption\":\"Haartick Extensions\"},\"image\":{\"@id\":\"https:\/\/www.haartick-extensions.de\/it\/#\/schema\/logo\/image\/\"}}]}<\/script>\n<!-- \/ Yoast SEO plugin. -->","yoast_head_json":{"title":"Professioneller Farbring f\u00fcr Extensions \u2013 32 brillante Farben inkl. Fantasyt\u00f6ne - Haartick-Extensions","robots":{"index":"index","follow":"follow","max-snippet":"max-snippet:-1","max-image-preview":"max-image-preview:large","max-video-preview":"max-video-preview:-1"},"canonical":"https:\/\/www.haartick-extensions.de\/nl\/shop\/professioneller-farbring-fuer-extensions-31-brillante-farben-inkl-fantasytoene\/","og_locale":"nl_NL","og_type":"article","og_title":"Professioneller Farbring f\u00fcr Extensions \u2013 32 brillante Farben inkl. Fantasyt\u00f6ne - Haartick-Extensions","og_description":"Bitte beachten Sie, dass es sich um eine individuell angefertigte Bestellung handelt. Eine R\u00fcckgabe ist daher ausgeschlossen, und die Lieferzeit kann etwas l\u00e4nger dauern. Aufgrund der speziellen Anpassungen und Anforderungen, die mit dieser Anfertigung verbunden sind, legen wir besonderen Wert auf h\u00f6chste Pr\u00e4zision und Qualit\u00e4t. Dies erfordert zus\u00e4tzliche Zeit und eine sorgf\u00e4ltige Fertigung sowie eine gr\u00fcndliche Pr\u00fcfung Ihrer Bestellung.","og_url":"https:\/\/www.haartick-extensions.de\/nl\/shop\/professioneller-farbring-fuer-extensions-31-brillante-farben-inkl-fantasytoene\/","og_site_name":"Haartick-Extensions","article_modified_time":"2026-02-20T21:02:50+00:00","og_image":[{"width":1500,"height":2000,"url":"https:\/\/www.haartick-extensions.de\/wp-content\/uploads\/2025\/05\/Farbring.webp","type":"image\/webp"}],"twitter_card":"summary_large_image","twitter_misc":{"Geschatte leestijd":"2 minuten"},"schema":{"@context":"https:\/\/schema.org","@graph":[{"@type":"WebPage","@id":"https:\/\/www.haartick-extensions.de\/de\/shop\/professioneller-farbring-fuer-extensions-31-brillante-farben-inkl-fantasytoene\/","url":"https:\/\/www.haartick-extensions.de\/de\/shop\/professioneller-farbring-fuer-extensions-31-brillante-farben-inkl-fantasytoene\/","name":"Professioneller Farbring f\u00fcr Extensions \u2013 32 brillante Farben inkl. Fantasyt\u00f6ne - Haartick-Extensions","isPartOf":{"@id":"https:\/\/www.haartick-extensions.de\/it\/#website"},"primaryImageOfPage":{"@id":"https:\/\/www.haartick-extensions.de\/de\/shop\/professioneller-farbring-fuer-extensions-31-brillante-farben-inkl-fantasytoene\/#primaryimage"},"image":{"@id":"https:\/\/www.haartick-extensions.de\/de\/shop\/professioneller-farbring-fuer-extensions-31-brillante-farben-inkl-fantasytoene\/#primaryimage"},"thumbnailUrl":"https:\/\/www.haartick-extensions.de\/wp-content\/uploads\/2025\/05\/Farbring.webp","datePublished":"2025-05-20T18:27:28+00:00","dateModified":"2026-02-20T21:02:50+00:00","breadcrumb":{"@id":"https:\/\/www.haartick-extensions.de\/de\/shop\/professioneller-farbring-fuer-extensions-31-brillante-farben-inkl-fantasytoene\/#breadcrumb"},"inLanguage":"nl-NL","potentialAction":[{"@type":"ReadAction","target":["https:\/\/www.haartick-extensions.de\/de\/shop\/professioneller-farbring-fuer-extensions-31-brillante-farben-inkl-fantasytoene\/"]}]},{"@type":"ImageObject","inLanguage":"nl-NL","@id":"https:\/\/www.haartick-extensions.de\/de\/shop\/professioneller-farbring-fuer-extensions-31-brillante-farben-inkl-fantasytoene\/#primaryimage","url":"https:\/\/www.haartick-extensions.de\/wp-content\/uploads\/2025\/05\/Farbring.webp","contentUrl":"https:\/\/www.haartick-extensions.de\/wp-content\/uploads\/2025\/05\/Farbring.webp","width":1500,"height":2000},{"@type":"BreadcrumbList","@id":"https:\/\/www.haartick-extensions.de\/de\/shop\/professioneller-farbring-fuer-extensions-31-brillante-farben-inkl-fantasytoene\/#breadcrumb","itemListElement":[{"@type":"ListItem","position":1,"name":"Startseite","item":"https:\/\/www.haartick-extensions.de\/it\/"},{"@type":"ListItem","position":2,"name":"Shop","item":"https:\/\/www.haartick-extensions.de\/ru\/shop\/"},{"@type":"ListItem","position":3,"name":"Professioneller Farbring f\u00fcr Extensions \u2013 32 brillante Farben inkl. Fantasyt\u00f6ne"}]},{"@type":"WebSite","@id":"https:\/\/www.haartick-extensions.de\/it\/#website","url":"https:\/\/www.haartick-extensions.de\/it\/","name":"Haarstick extensies","description":"Professionele haarverlenging en -verdikking met 100% menselijk haar.","publisher":{"@id":"https:\/\/www.haartick-extensions.de\/it\/#organization"},"potentialAction":[{"@type":"SearchAction","target":{"@type":"EntryPoint","urlTemplate":"https:\/\/www.haartick-extensions.de\/it\/?s={search_term_string}"},"query-input":{"@type":"PropertyValueSpecification","valueRequired":true,"valueName":"search_term_string"}}],"inLanguage":"nl-NL"},{"@type":"Organization","@id":"https:\/\/www.haartick-extensions.de\/it\/#organization","name":"Haartick uitbreidingen","url":"https:\/\/www.haartick-extensions.de\/it\/","logo":{"@type":"ImageObject","inLanguage":"nl-NL","@id":"https:\/\/www.haartick-extensions.de\/it\/#\/schema\/logo\/image\/","url":"https:\/\/www.haartick-extensions.de\/wp-content\/uploads\/2024\/05\/cropped-Logo-mark-charm.png","contentUrl":"https:\/\/www.haartick-extensions.de\/wp-content\/uploads\/2024\/05\/cropped-Logo-mark-charm.png","width":512,"height":512,"caption":"Haartick Extensions"},"image":{"@id":"https:\/\/www.haartick-extensions.de\/it\/#\/schema\/logo\/image\/"}}]}},"_links":{"self":[{"href":"https:\/\/www.haartick-extensions.de\/nl\/wp-json\/wp\/v2\/product\/23931","targetHints":{"allow":["GET"]}}],"collection":[{"href":"https:\/\/www.haartick-extensions.de\/nl\/wp-json\/wp\/v2\/product"}],"about":[{"href":"https:\/\/www.haartick-extensions.de\/nl\/wp-json\/wp\/v2\/types\/product"}],"replies":[{"embeddable":true,"href":"https:\/\/www.haartick-extensions.de\/nl\/wp-json\/wp\/v2\/comments?post=23931"}],"version-history":[{"count":0,"href":"https:\/\/www.haartick-extensions.de\/nl\/wp-json\/wp\/v2\/product\/23931\/revisions"}],"wp:featuredmedia":[{"embeddable":true,"href":"https:\/\/www.haartick-extensions.de\/nl\/wp-json\/wp\/v2\/media\/24560"}],"wp:attachment":[{"href":"https:\/\/www.haartick-extensions.de\/nl\/wp-json\/wp\/v2\/media?parent=23931"}],"wp:term":[{"taxonomy":"product_brand","embeddable":true,"href":"https:\/\/www.haartick-extensions.de\/nl\/wp-json\/wp\/v2\/product_brand?post=23931"},{"taxonomy":"product_cat","embeddable":true,"href":"https:\/\/www.haartick-extensions.de\/nl\/wp-json\/wp\/v2\/product_cat?post=23931"},{"taxonomy":"product_tag","embeddable":true,"href":"https:\/\/www.haartick-extensions.de\/nl\/wp-json\/wp\/v2\/product_tag?post=23931"}],"curies":[{"name":"wp","href":"https:\/\/api.w.org\/{rel}","templated":true}]}}