{"id":22222,"date":"2024-11-12T16:08:46","date_gmt":"2024-11-12T16:08:46","guid":{"rendered":"https:\/\/www.haartick-extensions.de\/wordpress\/?post_type=product&#038;p=22222"},"modified":"2026-04-30T09:41:49","modified_gmt":"2026-04-30T09:41:49","slug":"echosline-curl-shampoo","status":"publish","type":"product","link":"https:\/\/www.haartick-extensions.de\/ru\/shop\/echosline-curl-shampoo\/","title":{"rendered":"\u0428\u0430\u043c\u043f\u0443\u043d\u044c \u0434\u043b\u044f \u043b\u043e\u043a\u043e\u043d\u043e\u0432 Echosline"},"content":{"rendered":"<div>\n<p><strong>\u041e\u043f\u0438\u0441\u0430\u043d\u0438\u0435:<\/strong><\/p>\n<ul>\n<li>\u0428\u0430\u043c\u043f\u0443\u043d\u044c \u0441\u043f\u0435\u0446\u0438\u0430\u043b\u044c\u043d\u043e \u0434\u043b\u044f \u0432\u044c\u044e\u0449\u0438\u0445\u0441\u044f \u0432\u043e\u043b\u043e\u0441<\/li>\n<li>\u041d\u0435 \u0443\u0442\u044f\u0436\u0435\u043b\u044f\u0435\u0442 \u043b\u043e\u043a\u043e\u043d\u044b<\/li>\n<li>\u0443\u0432\u043b\u0430\u0436\u043d\u0435\u043d\u043d\u044b\u0439<\/li>\n<li>\u041f\u0440\u0435\u0434\u043e\u0442\u0432\u0440\u0430\u0449\u0430\u0435\u0442 \u043f\u043e\u044f\u0432\u043b\u0435\u043d\u0438\u0435 \u043f\u0443\u0448\u0438\u0441\u0442\u043e\u0441\u0442\u0438<\/li>\n<\/ul>\n<p><strong>\u041f\u0440\u0438\u043c\u0435\u043d\u0435\u043d\u0438\u0435:<\/strong><\/p>\n<ul>\n<li>\u041d\u0430\u043d\u0435\u0441\u0438\u0442\u0435 \u043d\u0430 \u0432\u043b\u0430\u0436\u043d\u044b\u0435 \u0432\u043e\u043b\u043e\u0441\u044b, \u043c\u044f\u0433\u043a\u043e \u0432\u043c\u0430\u0441\u0441\u0438\u0440\u0443\u0439\u0442\u0435 \u0432 \u043a\u043e\u0436\u0443 \u0433\u043e\u043b\u043e\u0432\u044b \u0438 \u0442\u0449\u0430\u0442\u0435\u043b\u044c\u043d\u043e \u0441\u043c\u043e\u0439\u0442\u0435.<\/li>\n<\/ul>\n<p><strong>\u0418\u043d\u0433\u0440\u0435\u0434\u0438\u0435\u043d\u0442\u044b:<\/strong><\/p>\n<ul>\n<li>Aqua<\/li>\n<li>\u041b\u0430\u0443\u0440\u0438\u043b\u0441\u0443\u043b\u044c\u0444\u0430\u0442 \u0430\u043c\u043c\u043e\u043d\u0438\u044f<\/li>\n<li>\u041c\u0438\u0440\u0435\u0442\u0441\u0443\u043b\u044c\u0444\u0430\u0442 \u043d\u0430\u0442\u0440\u0438\u044f<\/li>\n<li>\u041a\u043e\u043a\u043e\u0430\u043c\u0444\u043e\u0430\u0446\u0435\u0442\u0430\u0442 \u043d\u0430\u0442\u0440\u0438\u044f<\/li>\n<li>\u0425\u043b\u043e\u0440\u0438\u0434 \u043d\u0430\u0442\u0440\u0438\u044f<\/li>\n<li>\u0422\u0440\u0438\u044d\u0442\u0438\u043b\u0435\u043d\u0433\u043b\u0438\u043a\u043e\u043b\u044c<\/li>\n<li>\u0411\u0435\u043d\u0437\u0438\u043b\u043e\u0432\u044b\u0439 \u0441\u043f\u0438\u0440\u0442<\/li>\n<li>\u041f\u0440\u043e\u043f\u0438\u043b\u0435\u043d\u0433\u043b\u0438\u043a\u043e\u043b\u044c<\/li>\n<li>\u0426\u0438\u0442\u0440\u043e\u043d\u0435\u043b\u043b\u043e\u043b<\/li>\n<li>\u041c\u0435\u0442\u0438\u043b\u0445\u043b\u043e\u0440\u043e\u0438\u0437\u043e\u0442\u0438\u0430\u0437\u043e\u043b\u0438\u043d\u043e\u043d<\/li>\n<li>\u041c\u0435\u0442\u0438\u043b\u0438\u0437\u043e\u0442\u0438\u0430\u0437\u043e\u043b\u0438\u043d\u043e\u043d<\/li>\n<li>\u0425\u043b\u043e\u0440\u0438\u0434 \u043c\u0430\u0433\u043d\u0438\u044f<\/li>\n<li>\u041d\u0438\u0442\u0440\u0430\u0442\u044b \u043c\u0430\u0433\u043d\u0438\u044f<\/li>\n<li>CI19140 (FD&amp;CYELLOW5)<\/li>\n<li>\u0413\u0438\u0434\u0440\u043e\u043b\u0438\u0437\u043e\u0432\u0430\u043d\u043d\u0430\u044f \u043a\u0438\u043d\u043e\u0430<\/li>\n<li>\u0424\u0435\u043d\u043e\u043a\u0441\u0438\u044d\u0442\u0430\u043d\u043e\u043b<\/li>\n<li>CI14700 (FD&amp;CRED4)<\/li>\n<li>\u042d\u0442\u0438\u043b\u0433\u0435\u043a\u0441\u0438\u043b\u0433\u043b\u0438\u0446\u0435\u0440\u0438\u043d<\/li>\n<li>\u0421\u043e\u0440\u0431\u0430\u0442\u044b \u043a\u0430\u043b\u0438\u044f<\/li>\n<li>\u0411\u0435\u043d\u0437\u043e\u0430\u0442 \u043d\u0430\u0442\u0440\u0438\u044f<\/li>\n<\/ul>\n<\/div>\n<p><strong>\u0412 \u0441\u0432\u044f\u0437\u0438 \u0441 \u043e\u0431\u043d\u043e\u0432\u043b\u0435\u043d\u0438\u0435\u043c \u0443\u043f\u0430\u043a\u043e\u0432\u043a\u0438 \u043f\u0440\u043e\u0438\u0437\u0432\u043e\u0434\u0438\u0442\u0435\u043b\u0435\u043c, \u0443\u043f\u0430\u043a\u043e\u0432\u043a\u0430 \u0442\u043e\u0432\u0430\u0440\u0430 \u043c\u043e\u0436\u0435\u0442 \u043e\u0442\u043b\u0438\u0447\u0430\u0442\u044c\u0441\u044f \u043e\u0442 \u0438\u043b\u043b\u044e\u0441\u0442\u0440\u0430\u0446\u0438\u0438.<\/strong><\/p>","protected":false},"excerpt":{"rendered":"<p><strong>\u0421\u043e\u0441\u0442\u0430\u0432: 300 \u043c\u043b.<\/strong><\/p>\n<p style=\"color: red;\"><strong>\u041f\u043e\u0434\u0441\u043a\u0430\u0437\u043a\u0430<\/strong>\u0421\u0440\u0435\u0434\u0441\u0442\u0432\u0430 \u0433\u0438\u0433\u0438\u0435\u043d\u044b, \u0442\u0430\u043a\u0438\u0435 \u043a\u0430\u043a \u0448\u0430\u043c\u043f\u0443\u043d\u0438, \u043c\u0430\u0441\u043a\u0438, \u0442\u0435\u0440\u043c\u043e\u0437\u0430\u0449\u0438\u0442\u043d\u044b\u0435 \u0441\u0440\u0435\u0434\u0441\u0442\u0432\u0430, \u043c\u0430\u0441\u043b\u0430 \u0438 \u0440\u0430\u0441\u0442\u0432\u043e\u0440\u044b \u0434\u043b\u044f \u043d\u0430\u0440\u0430\u0449\u0438\u0432\u0430\u043d\u0438\u044f \u0432\u043e\u043b\u043e\u0441, \u043c\u043e\u0433\u0443\u0442 \u0431\u044b\u0442\u044c \u043f\u0440\u0438\u043d\u044f\u0442\u044b \u043e\u0431\u0440\u0430\u0442\u043d\u043e \u0442\u043e\u043b\u044c\u043a\u043e \u0432 \u0442\u043e\u043c \u0441\u043b\u0443\u0447\u0430\u0435, \u0435\u0441\u043b\u0438 \u043e\u043d\u0438 \u043d\u0435 \u0438\u0441\u043f\u043e\u043b\u044c\u0437\u043e\u0432\u0430\u043b\u0438\u0441\u044c, \u0438\u0437\u043d\u0430\u0447\u0430\u043b\u044c\u043d\u043e \u0437\u0430\u043f\u0435\u0447\u0430\u0442\u0430\u043d\u044b \u0438 \u043d\u0430\u0445\u043e\u0434\u044f\u0442\u0441\u044f \u0432 \u0438\u0434\u0435\u0430\u043b\u044c\u043d\u043e\u043c \u0441\u043e\u0441\u0442\u043e\u044f\u043d\u0438\u0438.<\/p>","protected":false},"featured_media":22223,"comment_status":"open","ping_status":"closed","template":"","meta":{"_joinchat":[]},"product_brand":[],"product_cat":[94],"product_tag":[],"class_list":{"0":"post-22222","1":"product","2":"type-product","3":"status-publish","4":"has-post-thumbnail","6":"product_cat-pflegeprodukte","8":"first","9":"instock","10":"taxable","11":"shipping-taxable","12":"purchasable","13":"product-type-simple"},"yoast_head":"<!-- This site is optimized with the Yoast SEO plugin v25.6 - https:\/\/yoast.com\/wordpress\/plugins\/seo\/ -->\n<title>Echosline Curl Shampoo - Haartick-Extensions<\/title>\n<meta name=\"robots\" content=\"index, follow, max-snippet:-1, max-image-preview:large, max-video-preview:-1\" \/>\n<link rel=\"canonical\" href=\"https:\/\/www.haartick-extensions.de\/ru\/shop\/echosline-curl-shampoo\/\" \/>\n<meta property=\"og:locale\" content=\"ru_RU\" \/>\n<meta property=\"og:type\" content=\"article\" \/>\n<meta property=\"og:title\" content=\"Echosline Curl Shampoo - Haartick-Extensions\" \/>\n<meta property=\"og:description\" content=\"Inhalt: 300ml. Hinweis: Hygieneprodukte wie Shampoos, Masken, Hitzeschutzmittel, \u00d6le und L\u00f6sungen f\u00fcr Haarverl\u00e4ngerungen k\u00f6nnen wir ausschlie\u00dflich zur\u00fccknehmen, wenn sie unbenutzt, originalversiegelt und in einwandfreiem\u00a0Zustand\u00a0sind.\" \/>\n<meta property=\"og:url\" content=\"https:\/\/www.haartick-extensions.de\/ru\/shop\/echosline-curl-shampoo\/\" \/>\n<meta property=\"og:site_name\" content=\"Haartick-Extensions\" \/>\n<meta property=\"article:modified_time\" content=\"2026-04-30T09:41:49+00:00\" \/>\n<meta property=\"og:image\" content=\"https:\/\/www.haartick-extensions.de\/wp-content\/uploads\/2024\/11\/echosline-curl-veg-veganes-feuchtigkeitsshampoo-fuer-lockiges-und-welliges-haar-300ml.jpg\" \/>\n\t<meta property=\"og:image:width\" content=\"800\" \/>\n\t<meta property=\"og:image:height\" content=\"800\" \/>\n\t<meta property=\"og:image:type\" content=\"image\/jpeg\" \/>\n<meta name=\"twitter:card\" content=\"summary_large_image\" \/>\n<meta name=\"twitter:label1\" content=\"\u041f\u0440\u0438\u043c\u0435\u0440\u043d\u043e\u0435 \u0432\u0440\u0435\u043c\u044f \u0434\u043b\u044f \u0447\u0442\u0435\u043d\u0438\u044f\" \/>\n\t<meta name=\"twitter:data1\" content=\"1 \u043c\u0438\u043d\u0443\u0442\u0430\" \/>\n<script type=\"application\/ld+json\" class=\"yoast-schema-graph\">{\"@context\":\"https:\/\/schema.org\",\"@graph\":[{\"@type\":\"WebPage\",\"@id\":\"https:\/\/www.haartick-extensions.de\/de\/shop\/echosline-curl-shampoo\/\",\"url\":\"https:\/\/www.haartick-extensions.de\/de\/shop\/echosline-curl-shampoo\/\",\"name\":\"Echosline Curl Shampoo - Haartick-Extensions\",\"isPartOf\":{\"@id\":\"https:\/\/www.haartick-extensions.de\/it\/#website\"},\"primaryImageOfPage\":{\"@id\":\"https:\/\/www.haartick-extensions.de\/de\/shop\/echosline-curl-shampoo\/#primaryimage\"},\"image\":{\"@id\":\"https:\/\/www.haartick-extensions.de\/de\/shop\/echosline-curl-shampoo\/#primaryimage\"},\"thumbnailUrl\":\"https:\/\/www.haartick-extensions.de\/wp-content\/uploads\/2024\/11\/echosline-curl-veg-veganes-feuchtigkeitsshampoo-fuer-lockiges-und-welliges-haar-300ml.jpg\",\"datePublished\":\"2024-11-12T16:08:46+00:00\",\"dateModified\":\"2026-04-30T09:41:49+00:00\",\"breadcrumb\":{\"@id\":\"https:\/\/www.haartick-extensions.de\/de\/shop\/echosline-curl-shampoo\/#breadcrumb\"},\"inLanguage\":\"ru-RU\",\"potentialAction\":[{\"@type\":\"ReadAction\",\"target\":[\"https:\/\/www.haartick-extensions.de\/de\/shop\/echosline-curl-shampoo\/\"]}]},{\"@type\":\"ImageObject\",\"inLanguage\":\"ru-RU\",\"@id\":\"https:\/\/www.haartick-extensions.de\/de\/shop\/echosline-curl-shampoo\/#primaryimage\",\"url\":\"https:\/\/www.haartick-extensions.de\/wp-content\/uploads\/2024\/11\/echosline-curl-veg-veganes-feuchtigkeitsshampoo-fuer-lockiges-und-welliges-haar-300ml.jpg\",\"contentUrl\":\"https:\/\/www.haartick-extensions.de\/wp-content\/uploads\/2024\/11\/echosline-curl-veg-veganes-feuchtigkeitsshampoo-fuer-lockiges-und-welliges-haar-300ml.jpg\",\"width\":800,\"height\":800},{\"@type\":\"BreadcrumbList\",\"@id\":\"https:\/\/www.haartick-extensions.de\/de\/shop\/echosline-curl-shampoo\/#breadcrumb\",\"itemListElement\":[{\"@type\":\"ListItem\",\"position\":1,\"name\":\"Startseite\",\"item\":\"https:\/\/www.haartick-extensions.de\/it\/\"},{\"@type\":\"ListItem\",\"position\":2,\"name\":\"Shop\",\"item\":\"https:\/\/www.haartick-extensions.de\/ru\/shop\/\"},{\"@type\":\"ListItem\",\"position\":3,\"name\":\"Echosline Curl Shampoo\"}]},{\"@type\":\"WebSite\",\"@id\":\"https:\/\/www.haartick-extensions.de\/it\/#website\",\"url\":\"https:\/\/www.haartick-extensions.de\/it\/\",\"name\":\"Haartick-Extensions\",\"description\":\"Professionelle Haarverl\u00e4ngerund \/ Haarverdichtung mit 100% Echthaar.\",\"publisher\":{\"@id\":\"https:\/\/www.haartick-extensions.de\/it\/#organization\"},\"potentialAction\":[{\"@type\":\"SearchAction\",\"target\":{\"@type\":\"EntryPoint\",\"urlTemplate\":\"https:\/\/www.haartick-extensions.de\/it\/?s={search_term_string}\"},\"query-input\":{\"@type\":\"PropertyValueSpecification\",\"valueRequired\":true,\"valueName\":\"search_term_string\"}}],\"inLanguage\":\"ru-RU\"},{\"@type\":\"Organization\",\"@id\":\"https:\/\/www.haartick-extensions.de\/it\/#organization\",\"name\":\"Haartick Extensions\",\"url\":\"https:\/\/www.haartick-extensions.de\/it\/\",\"logo\":{\"@type\":\"ImageObject\",\"inLanguage\":\"ru-RU\",\"@id\":\"https:\/\/www.haartick-extensions.de\/it\/#\/schema\/logo\/image\/\",\"url\":\"https:\/\/www.haartick-extensions.de\/wp-content\/uploads\/2024\/05\/cropped-Logo-mark-charm.png\",\"contentUrl\":\"https:\/\/www.haartick-extensions.de\/wp-content\/uploads\/2024\/05\/cropped-Logo-mark-charm.png\",\"width\":512,\"height\":512,\"caption\":\"Haartick Extensions\"},\"image\":{\"@id\":\"https:\/\/www.haartick-extensions.de\/it\/#\/schema\/logo\/image\/\"}}]}<\/script>\n<!-- \/ Yoast SEO plugin. -->","yoast_head_json":{"title":"Echosline Curl Shampoo - Haartick-Extensions","robots":{"index":"index","follow":"follow","max-snippet":"max-snippet:-1","max-image-preview":"max-image-preview:large","max-video-preview":"max-video-preview:-1"},"canonical":"https:\/\/www.haartick-extensions.de\/ru\/shop\/echosline-curl-shampoo\/","og_locale":"ru_RU","og_type":"article","og_title":"Echosline Curl Shampoo - Haartick-Extensions","og_description":"Inhalt: 300ml. Hinweis: Hygieneprodukte wie Shampoos, Masken, Hitzeschutzmittel, \u00d6le und L\u00f6sungen f\u00fcr Haarverl\u00e4ngerungen k\u00f6nnen wir ausschlie\u00dflich zur\u00fccknehmen, wenn sie unbenutzt, originalversiegelt und in einwandfreiem\u00a0Zustand\u00a0sind.","og_url":"https:\/\/www.haartick-extensions.de\/ru\/shop\/echosline-curl-shampoo\/","og_site_name":"Haartick-Extensions","article_modified_time":"2026-04-30T09:41:49+00:00","og_image":[{"width":800,"height":800,"url":"https:\/\/www.haartick-extensions.de\/wp-content\/uploads\/2024\/11\/echosline-curl-veg-veganes-feuchtigkeitsshampoo-fuer-lockiges-und-welliges-haar-300ml.jpg","type":"image\/jpeg"}],"twitter_card":"summary_large_image","twitter_misc":{"\u041f\u0440\u0438\u043c\u0435\u0440\u043d\u043e\u0435 \u0432\u0440\u0435\u043c\u044f \u0434\u043b\u044f \u0447\u0442\u0435\u043d\u0438\u044f":"1 \u043c\u0438\u043d\u0443\u0442\u0430"},"schema":{"@context":"https:\/\/schema.org","@graph":[{"@type":"WebPage","@id":"https:\/\/www.haartick-extensions.de\/de\/shop\/echosline-curl-shampoo\/","url":"https:\/\/www.haartick-extensions.de\/de\/shop\/echosline-curl-shampoo\/","name":"Echosline Curl Shampoo - Haartick-Extensions","isPartOf":{"@id":"https:\/\/www.haartick-extensions.de\/it\/#website"},"primaryImageOfPage":{"@id":"https:\/\/www.haartick-extensions.de\/de\/shop\/echosline-curl-shampoo\/#primaryimage"},"image":{"@id":"https:\/\/www.haartick-extensions.de\/de\/shop\/echosline-curl-shampoo\/#primaryimage"},"thumbnailUrl":"https:\/\/www.haartick-extensions.de\/wp-content\/uploads\/2024\/11\/echosline-curl-veg-veganes-feuchtigkeitsshampoo-fuer-lockiges-und-welliges-haar-300ml.jpg","datePublished":"2024-11-12T16:08:46+00:00","dateModified":"2026-04-30T09:41:49+00:00","breadcrumb":{"@id":"https:\/\/www.haartick-extensions.de\/de\/shop\/echosline-curl-shampoo\/#breadcrumb"},"inLanguage":"ru-RU","potentialAction":[{"@type":"ReadAction","target":["https:\/\/www.haartick-extensions.de\/de\/shop\/echosline-curl-shampoo\/"]}]},{"@type":"ImageObject","inLanguage":"ru-RU","@id":"https:\/\/www.haartick-extensions.de\/de\/shop\/echosline-curl-shampoo\/#primaryimage","url":"https:\/\/www.haartick-extensions.de\/wp-content\/uploads\/2024\/11\/echosline-curl-veg-veganes-feuchtigkeitsshampoo-fuer-lockiges-und-welliges-haar-300ml.jpg","contentUrl":"https:\/\/www.haartick-extensions.de\/wp-content\/uploads\/2024\/11\/echosline-curl-veg-veganes-feuchtigkeitsshampoo-fuer-lockiges-und-welliges-haar-300ml.jpg","width":800,"height":800},{"@type":"BreadcrumbList","@id":"https:\/\/www.haartick-extensions.de\/de\/shop\/echosline-curl-shampoo\/#breadcrumb","itemListElement":[{"@type":"ListItem","position":1,"name":"Startseite","item":"https:\/\/www.haartick-extensions.de\/it\/"},{"@type":"ListItem","position":2,"name":"Shop","item":"https:\/\/www.haartick-extensions.de\/ru\/shop\/"},{"@type":"ListItem","position":3,"name":"Echosline Curl Shampoo"}]},{"@type":"WebSite","@id":"https:\/\/www.haartick-extensions.de\/it\/#website","url":"https:\/\/www.haartick-extensions.de\/it\/","name":"\u041d\u0430\u0440\u0430\u0449\u0438\u0432\u0430\u043d\u0438\u0435 \u0432\u043e\u043b\u043e\u0441","description":"\u041f\u0440\u043e\u0444\u0435\u0441\u0441\u0438\u043e\u043d\u0430\u043b\u044c\u043d\u043e\u0435 \u0443\u0434\u043b\u0438\u043d\u0435\u043d\u0438\u0435 \u0438 \u0443\u0442\u043e\u043b\u0449\u0435\u043d\u0438\u0435 \u0432\u043e\u043b\u043e\u0441 \u0441 \u043f\u043e\u043c\u043e\u0449\u044c\u044e \u0447\u0435\u043b\u043e\u0432\u0435\u0447\u0435\u0441\u043a\u0438\u0445 \u0432\u043e\u043b\u043e\u0441 100%.","publisher":{"@id":"https:\/\/www.haartick-extensions.de\/it\/#organization"},"potentialAction":[{"@type":"SearchAction","target":{"@type":"EntryPoint","urlTemplate":"https:\/\/www.haartick-extensions.de\/it\/?s={search_term_string}"},"query-input":{"@type":"PropertyValueSpecification","valueRequired":true,"valueName":"search_term_string"}}],"inLanguage":"ru-RU"},{"@type":"Organization","@id":"https:\/\/www.haartick-extensions.de\/it\/#organization","name":"\u0423\u0434\u043b\u0438\u043d\u0438\u0442\u0435\u043b\u0438 \u0425\u0430\u0430\u0440\u0442\u0438\u043a\u0430","url":"https:\/\/www.haartick-extensions.de\/it\/","logo":{"@type":"ImageObject","inLanguage":"ru-RU","@id":"https:\/\/www.haartick-extensions.de\/it\/#\/schema\/logo\/image\/","url":"https:\/\/www.haartick-extensions.de\/wp-content\/uploads\/2024\/05\/cropped-Logo-mark-charm.png","contentUrl":"https:\/\/www.haartick-extensions.de\/wp-content\/uploads\/2024\/05\/cropped-Logo-mark-charm.png","width":512,"height":512,"caption":"Haartick Extensions"},"image":{"@id":"https:\/\/www.haartick-extensions.de\/it\/#\/schema\/logo\/image\/"}}]}},"_links":{"self":[{"href":"https:\/\/www.haartick-extensions.de\/ru\/wp-json\/wp\/v2\/product\/22222","targetHints":{"allow":["GET"]}}],"collection":[{"href":"https:\/\/www.haartick-extensions.de\/ru\/wp-json\/wp\/v2\/product"}],"about":[{"href":"https:\/\/www.haartick-extensions.de\/ru\/wp-json\/wp\/v2\/types\/product"}],"replies":[{"embeddable":true,"href":"https:\/\/www.haartick-extensions.de\/ru\/wp-json\/wp\/v2\/comments?post=22222"}],"version-history":[{"count":0,"href":"https:\/\/www.haartick-extensions.de\/ru\/wp-json\/wp\/v2\/product\/22222\/revisions"}],"wp:featuredmedia":[{"embeddable":true,"href":"https:\/\/www.haartick-extensions.de\/ru\/wp-json\/wp\/v2\/media\/22223"}],"wp:attachment":[{"href":"https:\/\/www.haartick-extensions.de\/ru\/wp-json\/wp\/v2\/media?parent=22222"}],"wp:term":[{"taxonomy":"product_brand","embeddable":true,"href":"https:\/\/www.haartick-extensions.de\/ru\/wp-json\/wp\/v2\/product_brand?post=22222"},{"taxonomy":"product_cat","embeddable":true,"href":"https:\/\/www.haartick-extensions.de\/ru\/wp-json\/wp\/v2\/product_cat?post=22222"},{"taxonomy":"product_tag","embeddable":true,"href":"https:\/\/www.haartick-extensions.de\/ru\/wp-json\/wp\/v2\/product_tag?post=22222"}],"curies":[{"name":"wp","href":"https:\/\/api.w.org\/{rel}","templated":true}]}}